{"id":15,"date":"2014-10-25T16:08:36","date_gmt":"2014-10-25T15:08:36","guid":{"rendered":"http:\/\/www.pixelnubium.be\/?page_id=15"},"modified":"2021-12-10T18:15:00","modified_gmt":"2021-12-10T17:15:00","slug":"iphone","status":"publish","type":"page","link":"https:\/\/www.pixelnubium.be\/?page_id=15","title":{"rendered":"Les Iphonographes reconnus"},"content":{"rendered":"<h6>Quel talent ! Je n&rsquo;en reviens pas que l&rsquo;on puisse obtenir de si belles photos avec un &#8230; t\u00e9l\u00e9phone !<\/p>\n<p>Je me r\u00e9p\u00e8te et d&rsquo;autres l&rsquo;ont dit avant moi :<\/p>\n<blockquote><p>Le photographe fait la photographie, pas l\u2019appareil photo !<\/p><\/blockquote>\n<p>En voici la preuve avec le premier photographe iPhone que je veux vous pr\u00e9senter, <a href=\"https:\/\/iphonephotographyschool.com\/jason-peterson\/\" target=\"_blank\" rel=\"noopener\">Monsieur Jason Peterson<\/a> de Chicago.<\/p>\n<p>J&rsquo;esp\u00e8re, apr\u00e8s avoir lu son interview et vu ses photos incroyables, vous convaincre que le \u00ab\u00a0cadrage\u00a0\u00bb est presque plus important que le mat\u00e9riel !!!<\/p>\n<p><a href=\"https:\/\/iphonephotographyschool.com\/sanne-boertien\/\/\" target=\"_blank\" rel=\"noopener\">Sanne Boertien<\/a> prend aussi d&rsquo;incroyables clich\u00e9s !<\/h6>\n","protected":false},"excerpt":{"rendered":"<p>Quel talent ! Je n&rsquo;en reviens pas que l&rsquo;on puisse obtenir de si belles photos avec un &#8230; t\u00e9l\u00e9phone ! Je me r\u00e9p\u00e8te et d&rsquo;autres l&rsquo;ont dit avant moi : Le photographe fait la photographie, pas l\u2019appareil photo ! En voici la preuve avec le premier photographe iPhone que je veux vous pr\u00e9senter, Monsieur Jason [&hellip;]<\/p>\n","protected":false},"author":1,"featured_media":0,"parent":0,"menu_order":0,"comment_status":"closed","ping_status":"open","template":"","meta":{"jetpack_post_was_ever_published":false,"footnotes":""},"class_list":["post-15","page","type-page","status-publish","hentry","post","no-featured-image"],"jetpack_sharing_enabled":true,"jetpack_shortlink":"https:\/\/wp.me\/P5m6W4-f","_links":{"self":[{"href":"https:\/\/www.pixelnubium.be\/index.php?rest_route=\/wp\/v2\/pages\/15","targetHints":{"allow":["GET"]}}],"collection":[{"href":"https:\/\/www.pixelnubium.be\/index.php?rest_route=\/wp\/v2\/pages"}],"about":[{"href":"https:\/\/www.pixelnubium.be\/index.php?rest_route=\/wp\/v2\/types\/page"}],"author":[{"embeddable":true,"href":"https:\/\/www.pixelnubium.be\/index.php?rest_route=\/wp\/v2\/users\/1"}],"replies":[{"embeddable":true,"href":"https:\/\/www.pixelnubium.be\/index.php?rest_route=%2Fwp%2Fv2%2Fcomments&post=15"}],"version-history":[{"count":7,"href":"https:\/\/www.pixelnubium.be\/index.php?rest_route=\/wp\/v2\/pages\/15\/revisions"}],"predecessor-version":[{"id":2164,"href":"https:\/\/www.pixelnubium.be\/index.php?rest_route=\/wp\/v2\/pages\/15\/revisions\/2164"}],"wp:attachment":[{"href":"https:\/\/www.pixelnubium.be\/index.php?rest_route=%2Fwp%2Fv2%2Fmedia&parent=15"}],"curies":[{"name":"wp","href":"https:\/\/api.w.org\/{rel}","templated":true}]}}