{"id":198,"date":"2014-10-31T22:18:43","date_gmt":"2014-10-31T21:18:43","guid":{"rendered":"http:\/\/www.pixelnubium.be\/?page_id=198"},"modified":"2021-12-11T13:14:24","modified_gmt":"2021-12-11T12:14:24","slug":"iphonographe","status":"publish","type":"page","link":"https:\/\/www.pixelnubium.be\/?page_id=198","title":{"rendered":"IPHONOGRAPHIE"},"content":{"rendered":"<p><a href=\"https:\/\/www.pixelnubium.be\/wp-content\/uploads\/figf-641x641.jpg\"><img loading=\"lazy\" decoding=\"async\" data-attachment-id=\"377\" data-permalink=\"https:\/\/www.pixelnubium.be\/?attachment_id=377\" data-orig-file=\"https:\/\/www.pixelnubium.be\/wp-content\/uploads\/figf-641x641.jpg\" data-orig-size=\"641,641\" data-comments-opened=\"1\" data-image-meta=\"{&quot;aperture&quot;:&quot;0&quot;,&quot;credit&quot;:&quot;&quot;,&quot;camera&quot;:&quot;&quot;,&quot;caption&quot;:&quot;&quot;,&quot;created_timestamp&quot;:&quot;0&quot;,&quot;copyright&quot;:&quot;&quot;,&quot;focal_length&quot;:&quot;0&quot;,&quot;iso&quot;:&quot;0&quot;,&quot;shutter_speed&quot;:&quot;0&quot;,&quot;title&quot;:&quot;&quot;,&quot;orientation&quot;:&quot;0&quot;}\" data-image-title=\"figf-641&amp;#215;641\" data-image-description=\"\" data-image-caption=\"\" data-medium-file=\"https:\/\/www.pixelnubium.be\/wp-content\/uploads\/figf-641x641-300x300.jpg\" data-large-file=\"https:\/\/www.pixelnubium.be\/wp-content\/uploads\/figf-641x641.jpg\" tabindex=\"0\" role=\"button\" class=\"alignnone  wp-image-377\" src=\"https:\/\/www.pixelnubium.be\/wp-content\/uploads\/figf-641x641-300x300.jpg\" alt=\"figf-641x641\" width=\"843\" height=\"843\" srcset=\"https:\/\/www.pixelnubium.be\/wp-content\/uploads\/figf-641x641-300x300.jpg 300w, https:\/\/www.pixelnubium.be\/wp-content\/uploads\/figf-641x641-150x150.jpg 150w, https:\/\/www.pixelnubium.be\/wp-content\/uploads\/figf-641x641-100x100.jpg 100w, https:\/\/www.pixelnubium.be\/wp-content\/uploads\/figf-641x641.jpg 641w\" sizes=\"auto, (max-width: 843px) 100vw, 843px\" \/><\/a><\/p>\n<p>&nbsp;<\/p>\n<hr>\n<p>&nbsp;<\/p>\n<blockquote>\n<h3 style=\"text-align: left;\"><em>Sacril\u00e8ge ! H\u00e9r\u00e9sie ! La photographie avec un iPhone !!<\/em><\/h3>\n<\/blockquote>\n<hr>\n<p>&nbsp;<\/p>\n<h6>\nLe d\u00e9bat entre les puristes qui rejettent cette \u00e9volution et les iphonographes qui r\u00e9alisent des prouesses a fait l&rsquo;objet de moult articles.<\/p>\n<p>J&rsquo;appartiens \u00e0 la deuxi\u00e8me cat\u00e9gorie.<\/p>\n<p>Partant du principe que le meilleur appareil est celui que l&rsquo;on a en poche et que l&rsquo;on peut \u00ab\u00a0cadrer\u00a0\u00bb aussi bien sur un r\u00e9flex que sur un iphone, on peut aussi&nbsp;r\u00e9ussir&nbsp;une \u00ab\u00a0belle\u00a0\u00bb photo.<\/p>\n<p>D\u00e9sireux de vous convaincre de cette nouvelle approche de la photographie, vous trouverez ci-apr\u00e8s quatre&nbsp;pages consacr\u00e9es \u00e0 ce nouveau ph\u00e9nom\u00e8ne.<\/p>\n<p>&#8211; Les <a href=\"https:\/\/www.pixelnubium.be\/?page_id=15\" target=\"_blank\" rel=\"noopener\">iphonographes<\/a> reconnus<br \/>\n&#8211; Les <a href=\"https:\/\/www.pixelnubium.be\/?page_id=255\" target=\"_blank\" rel=\"noopener\">meilleurs photos<\/a> r\u00e9alis\u00e9es avec un iPhone<br \/>\n&#8211; Les <a href=\"\/\/www.pixelnubium.be\/?page_id=193\" target=\"_blank\" rel=\"noopener\">applications<\/a> indispensables et<br \/>\n&#8211; des <a href=\"https:\/\/www.pixelnubium.be\/?page_id=71\" target=\"_blank\" rel=\"noopener\">astuces<\/a> pour utiliser au mieux votre iPhone comme un appareil r\u00e9flex classique.<\/h6>\n","protected":false},"excerpt":{"rendered":"<p>&nbsp; &nbsp; Sacril\u00e8ge ! H\u00e9r\u00e9sie ! La photographie avec un iPhone !! &nbsp; Le d\u00e9bat entre les puristes qui rejettent cette \u00e9volution et les iphonographes qui r\u00e9alisent des prouesses a fait l&rsquo;objet de moult articles. J&rsquo;appartiens \u00e0 la deuxi\u00e8me cat\u00e9gorie. Partant du principe que le meilleur appareil est celui que l&rsquo;on a en poche et [&hellip;]<\/p>\n","protected":false},"author":1,"featured_media":0,"parent":0,"menu_order":0,"comment_status":"closed","ping_status":"open","template":"","meta":{"jetpack_post_was_ever_published":false,"footnotes":""},"class_list":["post-198","page","type-page","status-publish","hentry","post","no-featured-image"],"jetpack_sharing_enabled":true,"jetpack_shortlink":"https:\/\/wp.me\/P5m6W4-3c","_links":{"self":[{"href":"https:\/\/www.pixelnubium.be\/index.php?rest_route=\/wp\/v2\/pages\/198","targetHints":{"allow":["GET"]}}],"collection":[{"href":"https:\/\/www.pixelnubium.be\/index.php?rest_route=\/wp\/v2\/pages"}],"about":[{"href":"https:\/\/www.pixelnubium.be\/index.php?rest_route=\/wp\/v2\/types\/page"}],"author":[{"embeddable":true,"href":"https:\/\/www.pixelnubium.be\/index.php?rest_route=\/wp\/v2\/users\/1"}],"replies":[{"embeddable":true,"href":"https:\/\/www.pixelnubium.be\/index.php?rest_route=%2Fwp%2Fv2%2Fcomments&post=198"}],"version-history":[{"count":25,"href":"https:\/\/www.pixelnubium.be\/index.php?rest_route=\/wp\/v2\/pages\/198\/revisions"}],"predecessor-version":[{"id":2172,"href":"https:\/\/www.pixelnubium.be\/index.php?rest_route=\/wp\/v2\/pages\/198\/revisions\/2172"}],"wp:attachment":[{"href":"https:\/\/www.pixelnubium.be\/index.php?rest_route=%2Fwp%2Fv2%2Fmedia&parent=198"}],"curies":[{"name":"wp","href":"https:\/\/api.w.org\/{rel}","templated":true}]}}