{"id":2089,"date":"2021-12-10T17:10:47","date_gmt":"2021-12-10T16:10:47","guid":{"rendered":"https:\/\/www.pixelnubium.be\/?page_id=2089"},"modified":"2021-12-11T18:08:52","modified_gmt":"2021-12-11T17:08:52","slug":"projet-de-series","status":"publish","type":"page","link":"https:\/\/www.pixelnubium.be\/?page_id=2089","title":{"rendered":"Projet de s\u00e9ries"},"content":{"rendered":"\n<blockquote class=\"wp-block-quote is-layout-flow wp-block-quote-is-layout-flow\"><p>Il y a un moment o\u00f9 on a envie de passer \u00e0 autre chose et de ne plus poser l&rsquo;acte photographique de mani\u00e8re automatique. <\/p><\/blockquote>\n\n\n\n<h6><p>J&rsquo;ai eu un d\u00e9clic en visionnant la vid\u00e9os sur Youtube de <a href=\"https:\/\/www.youtube.com\/watch?v=OkOcnKAmHAY\">la cha\u00eene<\/a><a href=\"https:\/\/www.youtube.com\/watch?v=WtF9oaU7g_g\"> \u00ab\u00a0apprendre la photo\u00a0\u00bb<\/a> sur <strong>le style photographique et l&rsquo;unit\u00e9 d&rsquo;une s\u00e9rie<\/strong><\/p>\n\n\n\n<p>Cette id\u00e9e a \u00e9volu\u00e9 apr\u00e8s avoir vu des s\u00e9ries r\u00e9alis\u00e9es par de grands photographes expos\u00e9s au Mus\u00e9e de la Photographie de Charleroi.<\/p>\n\n\n\n<p>J&rsquo;ai muri ce projet et je suis convaincu que je dois tenter l&rsquo;aventure.<\/p>\n\n\n\n<p>Et c&rsquo;est \u00e0 ce moment pr\u00e9cis que je panique. L&rsquo;angoisse de la page blanche surgit tout d&rsquo;un coup.<\/p>\n\n\n\n<p>Trouver  : l&rsquo;id\u00e9e, le fil rouge, l&rsquo;unit\u00e9 ! <\/p>\n\n\n\n<p>Ca ne vient pas tout de suite tant on se met la pression pour arriver \u00e0 produire une s\u00e9rie r\u00e9fl\u00e9chie.<\/p>\n\n\n\n<p>En ce qui me concerne, je me suis impos\u00e9 les contraintes suivantes :<\/p>\n\n\n\n<ul class=\"wp-block-list\"><li>Format 30&#215;30<\/li><li>Noir et blanc<\/li><li>400 asa<\/li><\/ul>\n\n\n\n<p><\/p>\n\n\n\n<p>J&rsquo;ai quelques id\u00e9es qui arrivent tout doucement&#8230;.<\/p>\n\n\n\n<p>Alors,  une belle s\u00e9rie en 2022 ???<\/p>\n\n\n\n<p>Patience, patience, &#8230;.<\/p>\n","protected":false},"excerpt":{"rendered":"<p>Il y a un moment o\u00f9 on a envie de passer \u00e0 autre chose et de ne plus poser l&rsquo;acte photographique de mani\u00e8re automatique. J&rsquo;ai eu un d\u00e9clic en visionnant la vid\u00e9os sur Youtube de la cha\u00eene \u00ab\u00a0apprendre la photo\u00a0\u00bb sur le style photographique et l&rsquo;unit\u00e9 d&rsquo;une s\u00e9rie Cette id\u00e9e a \u00e9volu\u00e9 apr\u00e8s avoir vu [&hellip;]<\/p>\n","protected":false},"author":1,"featured_media":0,"parent":0,"menu_order":0,"comment_status":"closed","ping_status":"closed","template":"","meta":{"jetpack_post_was_ever_published":false,"footnotes":""},"class_list":["post-2089","page","type-page","status-publish","hentry","post","no-featured-image"],"jetpack_sharing_enabled":true,"jetpack_shortlink":"https:\/\/wp.me\/P5m6W4-xH","_links":{"self":[{"href":"https:\/\/www.pixelnubium.be\/index.php?rest_route=\/wp\/v2\/pages\/2089","targetHints":{"allow":["GET"]}}],"collection":[{"href":"https:\/\/www.pixelnubium.be\/index.php?rest_route=\/wp\/v2\/pages"}],"about":[{"href":"https:\/\/www.pixelnubium.be\/index.php?rest_route=\/wp\/v2\/types\/page"}],"author":[{"embeddable":true,"href":"https:\/\/www.pixelnubium.be\/index.php?rest_route=\/wp\/v2\/users\/1"}],"replies":[{"embeddable":true,"href":"https:\/\/www.pixelnubium.be\/index.php?rest_route=%2Fwp%2Fv2%2Fcomments&post=2089"}],"version-history":[{"count":8,"href":"https:\/\/www.pixelnubium.be\/index.php?rest_route=\/wp\/v2\/pages\/2089\/revisions"}],"predecessor-version":[{"id":2341,"href":"https:\/\/www.pixelnubium.be\/index.php?rest_route=\/wp\/v2\/pages\/2089\/revisions\/2341"}],"wp:attachment":[{"href":"https:\/\/www.pixelnubium.be\/index.php?rest_route=%2Fwp%2Fv2%2Fmedia&parent=2089"}],"curies":[{"name":"wp","href":"https:\/\/api.w.org\/{rel}","templated":true}]}}