{"id":218,"date":"2014-11-01T21:10:12","date_gmt":"2014-11-01T20:10:12","guid":{"rendered":"http:\/\/www.pixelnubium.be\/?page_id=218"},"modified":"2014-11-02T21:53:16","modified_gmt":"2014-11-02T20:53:16","slug":"genese","status":"publish","type":"page","link":"https:\/\/www.pixelnubium.be\/?page_id=218","title":{"rendered":"Besoin vital d&rsquo;Harmonie"},"content":{"rendered":"<p style=\"text-align: center;\">\u00a0<a href=\"https:\/\/www.pixelnubium.be\/wp-content\/uploads\/image3.jpg\"><img loading=\"lazy\" decoding=\"async\" data-attachment-id=\"353\" data-permalink=\"https:\/\/www.pixelnubium.be\/?attachment_id=353\" data-orig-file=\"https:\/\/www.pixelnubium.be\/wp-content\/uploads\/image3.jpg\" data-orig-size=\"372,500\" data-comments-opened=\"1\" data-image-meta=\"{&quot;aperture&quot;:&quot;0&quot;,&quot;credit&quot;:&quot;&quot;,&quot;camera&quot;:&quot;&quot;,&quot;caption&quot;:&quot;&quot;,&quot;created_timestamp&quot;:&quot;0&quot;,&quot;copyright&quot;:&quot;&quot;,&quot;focal_length&quot;:&quot;0&quot;,&quot;iso&quot;:&quot;0&quot;,&quot;shutter_speed&quot;:&quot;0&quot;,&quot;title&quot;:&quot;&quot;,&quot;orientation&quot;:&quot;1&quot;}\" data-image-title=\"image\" data-image-description=\"\" data-image-caption=\"\" data-medium-file=\"https:\/\/www.pixelnubium.be\/wp-content\/uploads\/image3-223x300.jpg\" data-large-file=\"https:\/\/www.pixelnubium.be\/wp-content\/uploads\/image3.jpg\" tabindex=\"0\" role=\"button\" class=\"alignnone size-medium wp-image-353\" src=\"https:\/\/www.pixelnubium.be\/wp-content\/uploads\/image3-223x300.jpg\" alt=\"image\" width=\"223\" height=\"300\" srcset=\"https:\/\/www.pixelnubium.be\/wp-content\/uploads\/image3-223x300.jpg 223w, https:\/\/www.pixelnubium.be\/wp-content\/uploads\/image3.jpg 372w\" sizes=\"auto, (max-width: 223px) 100vw, 223px\" \/><\/a><\/p>\n<blockquote><p>Pour autant que je puisse m&rsquo;en souvenir, depuis mon adolescence, j&rsquo;ai \u00e9t\u00e9 sensible \u00e0 tous les aspects de l&rsquo;esth\u00e9tisme.<\/p>\n<p>Au fil des ann\u00e9es, j&rsquo;ai peaufin\u00e9 mon regard sur les diff\u00e9rentes approches artistiques. Le dessin, la sculpture, l&rsquo;architecture, la mode, &#8230; sans oublier la photographie.<\/p>\n<p>Je me souviens de mon premier appareil reflex argentique ! Je me souviens des p\u00e9riodes d&rsquo;attente, d&rsquo;impatience et d&rsquo;anxi\u00e9t\u00e9 avant de d\u00e9couvrir le r\u00e9sultat de ses prises de vues.<\/p>\n<p>Je me souviens aussi de mes premiers cours de photographie en premi\u00e8re secondaire et surtout de l&rsquo;impressionnante exp\u00e9rience du d\u00e9veloppement dans la cave des photos en noir et blanc. Quelle magie et quel envo\u00fbtement lorsque l&rsquo;image appara\u00eet lentement !<\/p>\n<p>Je me souviens enfin de l&rsquo;influence, peu perceptible \u00e0 l&rsquo;\u00e9poque, de la pr\u00e9sence du premier mus\u00e9e de la photographie install\u00e9 dans une petite maison en face de ma chambre.<\/p>\n<p>Petit mus\u00e9e qui est devenu actuellement le prestigieux <a href=\"http:\/\/www.museephoto.be\" target=\"_blank\">Mus\u00e9e de la photographie<\/a>.<\/p>\n<p>La lecture du livre passionnant du\u00a0philosophe Charles P\u00e9pin : \u00ab\u00a0Quand la beaut\u00e9 nous sauve\u00a0\u00bb a \u00e9t\u00e9 une r\u00e9v\u00e9lation ! Oui, pour ma part, cette lecture n&rsquo;a fait\u00a0que renforcer l&rsquo;id\u00e9e que la beaut\u00e9 est n\u00e9cessaire pour vivre.<\/p>\n<p>Parall\u00e8lement, j&rsquo;ai \u00e9t\u00e9 toujours \u00e9t\u00e9 passionn\u00e9 par la technologie. J&rsquo;ai par ailleurs \u00e9t\u00e9 le t\u00e9moin privil\u00e9gi\u00e9 de l&rsquo;\u00e9volution technique dans l&rsquo;informatique et la hifi. Et quelle \u00e9volution depuis les ann\u00e9es 80 !! Je suis devenu un \u00ab\u00a0Geek\u00a0\u00bb.<\/p>\n<p>Je me rem\u00e9more les soir\u00e9e consacr\u00e9es \u00e0 d\u00e9vorer les revues publicitaires (abondantes \u00e0 l&rsquo;\u00e9poque) sur les cha\u00eenes hifi et les projets irr\u00e9alisables en tant qu&rsquo;\u00e9tudiant.<\/p>\n<p>Sans m&rsquo;en rendre compte, j&rsquo;\u00e9tais en train de me construire un terrain \u00ab\u00a0\u00e9motionnel\u00a0\u00bb particulier m\u00e9langeant deux univers totalement oppos\u00e9s que sont la technologie et l&rsquo;art.<\/p>\n<p>Cette dualit\u00e9, je la dois probablement \u00e0 mes origines cor\u00e9ennes qui se confrontent tous les jours avec la vie occidentale.<\/p>\n<p>2014, une ann\u00e9e d\u00e9cisive ! Pour m&rsquo;\u00e9vader de la pression professionnelle quotidienne, je me d\u00e9cide \u00e0 suivre des cours de photographie. Je me suis inscrit, sans regret, au module complet de formation dispens\u00e9e par Laurent, professeur jeune et dynamique de <a href=\"http:\/\/www.bxart.be\/fr\/\" target=\"_blank\">BXART<\/a>.<\/p>\n<p>Pourquoi la photographie ? Parce que je me rends compte que je viens de r\u00e9aliser voire concr\u00e9tiser ou mieux encore ext\u00e9rioriser mon mode de fonctionnement au travers de cette activit\u00e9.<\/p>\n<p>Vous l&rsquo;aurez compris, la photographie permet de concilier ma dualit\u00e9 et mes deux univers que l&rsquo;on retrouve volontairement dans le titre de ce blog.<\/p>\n<p>&#8211; \u00ab\u00a0Pixel\u00a0\u00bb pour le c\u00f4t\u00e9 technique (unit\u00e9 de base permettant de mesurer la d\u00e9finition d&rsquo;une image num\u00e9rique matricielle. Son nom provient de la locution anglaise picture element, qui signifie \u00e9l\u00e9ment d&rsquo;image.) et<br \/>\n&#8211; \u00ab\u00a0Nubium\u00a0\u00bb pour la po\u00e9sie qui se d\u00e9gage de ce mot (nuage en latin)<\/p>\n<p>Il me plait de m&rsquo;\u00e9vader dans la po\u00e9sie de magnifiques clich\u00e9s comme il me plait de m&rsquo;extasier sur les capacit\u00e9s technologiques des derniers appareils photos.<\/p>\n<p>Reste, \u00e0 pr\u00e9sent, \u00e0 cultiver ce jardin secret et en tirer, enfin, une r\u00e9colte d&rsquo;images qui je l&rsquo;esp\u00e8re se rempliront &#8211; au fil de mon apprentissage &#8211; d&rsquo;une charge \u00e9motionnelle forte et harmonieuse.<\/p><\/blockquote>\n","protected":false},"excerpt":{"rendered":"<p>\u00a0 Pour autant que je puisse m&rsquo;en souvenir, depuis mon adolescence, j&rsquo;ai \u00e9t\u00e9 sensible \u00e0 tous les aspects de l&rsquo;esth\u00e9tisme. Au fil des ann\u00e9es, j&rsquo;ai peaufin\u00e9 mon regard sur les diff\u00e9rentes approches artistiques. Le dessin, la sculpture, l&rsquo;architecture, la mode, &#8230; sans oublier la photographie. Je me souviens de mon premier appareil reflex argentique ! [&hellip;]<\/p>\n","protected":false},"author":1,"featured_media":0,"parent":0,"menu_order":0,"comment_status":"closed","ping_status":"open","template":"","meta":{"jetpack_post_was_ever_published":false,"footnotes":""},"class_list":["post-218","page","type-page","status-publish","hentry","post","no-featured-image"],"jetpack_sharing_enabled":true,"jetpack_shortlink":"https:\/\/wp.me\/P5m6W4-3w","_links":{"self":[{"href":"https:\/\/www.pixelnubium.be\/index.php?rest_route=\/wp\/v2\/pages\/218","targetHints":{"allow":["GET"]}}],"collection":[{"href":"https:\/\/www.pixelnubium.be\/index.php?rest_route=\/wp\/v2\/pages"}],"about":[{"href":"https:\/\/www.pixelnubium.be\/index.php?rest_route=\/wp\/v2\/types\/page"}],"author":[{"embeddable":true,"href":"https:\/\/www.pixelnubium.be\/index.php?rest_route=\/wp\/v2\/users\/1"}],"replies":[{"embeddable":true,"href":"https:\/\/www.pixelnubium.be\/index.php?rest_route=%2Fwp%2Fv2%2Fcomments&post=218"}],"version-history":[{"count":12,"href":"https:\/\/www.pixelnubium.be\/index.php?rest_route=\/wp\/v2\/pages\/218\/revisions"}],"predecessor-version":[{"id":402,"href":"https:\/\/www.pixelnubium.be\/index.php?rest_route=\/wp\/v2\/pages\/218\/revisions\/402"}],"wp:attachment":[{"href":"https:\/\/www.pixelnubium.be\/index.php?rest_route=%2Fwp%2Fv2%2Fmedia&parent=218"}],"curies":[{"name":"wp","href":"https:\/\/api.w.org\/{rel}","templated":true}]}}