{"id":22,"date":"2014-10-25T16:12:36","date_gmt":"2014-10-25T15:12:36","guid":{"rendered":"http:\/\/www.pixelnubium.be\/?page_id=22"},"modified":"2021-12-11T13:02:41","modified_gmt":"2021-12-11T12:02:41","slug":"tips","status":"publish","type":"page","link":"https:\/\/www.pixelnubium.be\/?page_id=22","title":{"rendered":"PHOTOGRAPHIES"},"content":{"rendered":"<p style=\"text-align: center;\"><a href=\"https:\/\/www.pixelnubium.be\/wp-content\/uploads\/image1.jpg\"><img loading=\"lazy\" decoding=\"async\" data-attachment-id=\"349\" data-permalink=\"https:\/\/www.pixelnubium.be\/?attachment_id=349\" data-orig-file=\"https:\/\/www.pixelnubium.be\/wp-content\/uploads\/image1.jpg\" data-orig-size=\"493,271\" data-comments-opened=\"1\" data-image-meta=\"{&quot;aperture&quot;:&quot;0&quot;,&quot;credit&quot;:&quot;&quot;,&quot;camera&quot;:&quot;&quot;,&quot;caption&quot;:&quot;&quot;,&quot;created_timestamp&quot;:&quot;0&quot;,&quot;copyright&quot;:&quot;&quot;,&quot;focal_length&quot;:&quot;0&quot;,&quot;iso&quot;:&quot;0&quot;,&quot;shutter_speed&quot;:&quot;0&quot;,&quot;title&quot;:&quot;&quot;,&quot;orientation&quot;:&quot;1&quot;}\" data-image-title=\"image\" data-image-description=\"\" data-image-caption=\"\" data-medium-file=\"https:\/\/www.pixelnubium.be\/wp-content\/uploads\/image1-300x164.jpg\" data-large-file=\"https:\/\/www.pixelnubium.be\/wp-content\/uploads\/image1.jpg\" tabindex=\"0\" role=\"button\" class=\"alignnone  wp-image-349\" src=\"https:\/\/www.pixelnubium.be\/wp-content\/uploads\/image1-300x164.jpg\" alt=\"image\" width=\"581\" height=\"318\" srcset=\"https:\/\/www.pixelnubium.be\/wp-content\/uploads\/image1-300x164.jpg 300w, https:\/\/www.pixelnubium.be\/wp-content\/uploads\/image1.jpg 493w\" sizes=\"auto, (max-width: 581px) 100vw, 581px\" \/><\/a><\/p>\n<p style=\"text-align: center;\">W. Ronis<\/p>\n<h6>Willy Ronis, n\u00e9 le 14 ao\u00fbt 1910 \u00e0 Paris et mort le 11 septembre 2009 dans la m\u00eame ville, est un photographe fran\u00e7ais, laur\u00e9at du Grand Prix national de la photographie en 1979 et du prix Nadar en 1981.<\/p>\n<p>Il a \u00e9t\u00e9 pour moi un des d\u00e9clencheurs de ma passion pour la photographie et a certainement d\u00e9termin\u00e9 mon regard sur la photographie.<\/p>\n<p>Dans cette section, j&rsquo;ouvre pour vous ma bo\u00eete \u00e0 images r\u00e9alis\u00e9es au fil du temps &#8230;.<\/h6>\n","protected":false},"excerpt":{"rendered":"<p>W. Ronis Willy Ronis, n\u00e9 le 14 ao\u00fbt 1910 \u00e0 Paris et mort le 11 septembre 2009 dans la m\u00eame ville, est un photographe fran\u00e7ais, laur\u00e9at du Grand Prix national de la photographie en 1979 et du prix Nadar en 1981. Il a \u00e9t\u00e9 pour moi un des d\u00e9clencheurs de ma passion pour la photographie [&hellip;]<\/p>\n","protected":false},"author":1,"featured_media":0,"parent":0,"menu_order":0,"comment_status":"closed","ping_status":"closed","template":"","meta":{"jetpack_post_was_ever_published":false,"footnotes":""},"class_list":["post-22","page","type-page","status-publish","hentry","post","no-featured-image"],"jetpack_sharing_enabled":true,"jetpack_shortlink":"https:\/\/wp.me\/P5m6W4-m","_links":{"self":[{"href":"https:\/\/www.pixelnubium.be\/index.php?rest_route=\/wp\/v2\/pages\/22","targetHints":{"allow":["GET"]}}],"collection":[{"href":"https:\/\/www.pixelnubium.be\/index.php?rest_route=\/wp\/v2\/pages"}],"about":[{"href":"https:\/\/www.pixelnubium.be\/index.php?rest_route=\/wp\/v2\/types\/page"}],"author":[{"embeddable":true,"href":"https:\/\/www.pixelnubium.be\/index.php?rest_route=\/wp\/v2\/users\/1"}],"replies":[{"embeddable":true,"href":"https:\/\/www.pixelnubium.be\/index.php?rest_route=%2Fwp%2Fv2%2Fcomments&post=22"}],"version-history":[{"count":24,"href":"https:\/\/www.pixelnubium.be\/index.php?rest_route=\/wp\/v2\/pages\/22\/revisions"}],"predecessor-version":[{"id":2168,"href":"https:\/\/www.pixelnubium.be\/index.php?rest_route=\/wp\/v2\/pages\/22\/revisions\/2168"}],"wp:attachment":[{"href":"https:\/\/www.pixelnubium.be\/index.php?rest_route=%2Fwp%2Fv2%2Fmedia&parent=22"}],"curies":[{"name":"wp","href":"https:\/\/api.w.org\/{rel}","templated":true}]}}