{"id":279,"date":"2014-11-02T09:50:05","date_gmt":"2014-11-02T08:50:05","guid":{"rendered":"http:\/\/www.pixelnubium.be\/?page_id=279"},"modified":"2021-12-11T16:41:19","modified_gmt":"2021-12-11T15:41:19","slug":"vernissage","status":"publish","type":"page","link":"https:\/\/www.pixelnubium.be\/?page_id=279","title":{"rendered":"Vernissage"},"content":{"rendered":"<h6 style=\"text-align: center;\"><em>Le vernissage n&rsquo;est-il pas l&rsquo;occasion par excellence pour vous accueillir sur un nouveau&nbsp;site de photographie ?<\/em><\/h6>\n<hr>\n<blockquote><p>Ils se baladaient au milieu d\u2019une for\u00eat de photos<br \/>\nElle, rev\u00eatue d\u2019une lumi\u00e8re automnale<br \/>\nLui, si proche d\u2019elle, et pourtant si \u00e9loign\u00e9 de ses r\u00eaves<br \/>\nEt entre eux, l\u2019irrationnel diaphragme<br \/>\nQui n\u2019attendait qu\u2019un seul d\u00e9clic<\/p><\/blockquote>\n<h6><em>En guise de bienvenue, je vous offre ces quelques vers sortis de ma plume suite \u00e0 la visite du <a href=\"http:\/\/www.museephoto.be\" target=\"_blank\" rel=\"noopener\">Mus\u00e9e de la Photographie de Charleroi<\/a>&nbsp;que je vous recommande chaleureusement !!<\/em><\/h6>\n<hr>\n<h6>Comme toute d\u00e9couverte, il est pr\u00e9cieux d&rsquo;obtenir quelques conseils pour mieux profiter du site.<\/p>\n<ul>\n<li>Derri\u00e8re l&rsquo;onglet \u00ab\u00a0<a href=\"https:\/\/www.pixelnubium.be\" target=\"_blank\" rel=\"noopener\">FOCUS<\/a>\u00ab\u00a0, se trouve un mini blog qui est aliment\u00e9 par mes \u00e9motions, mes impressions, mes exp\u00e9riences&#8230;. sur le monde de la photo.<\/li>\n<li>La section \u00ab\u00a0<a href=\"https:\/\/www.pixelnubium.be\/?page_id=22%20\" target=\"_blank\" rel=\"noopener\">PHOTOGRAPHIE<\/a>\u00a0\u00bb vous donne acc\u00e8s \u00e0 ma bo\u00eete \u00e0 images.<\/li>\n<li>Possesseur d&rsquo;un iPhone, je ne pouvais m&#8217;emp\u00eacher de mettre aussi en \u00e9vidence le ph\u00e9nom\u00e8ne de <a href=\"https:\/\/www.pixelnubium.be\/?page_id=198\" target=\"_blank\" rel=\"noopener\">l&rsquo;iPhonographie<\/a>, la photo sur iPhone.<\/li>\n<li>Enfin, le dernier onglet, section plus intime, reprendra la <a href=\"https:\/\/www.pixelnubium.be\/?page_id=4\" target=\"_blank\" rel=\"noopener\">Gen\u00e8se<\/a> de mon attirance pour la photographie ainsi que diff\u00e9rentes facettes de ma personnalit\u00e9.<\/li>\n<\/ul>\n<\/h6>\n<h6>Mon site n&rsquo;a aucune vocation \u00e0 publier des articles concernant la technique photographique.<\/p>\n<ul>\n<li>Si vous \u00eates int\u00e9ress\u00e9s par les bases th\u00e9oriques de la photographie, je vous invite \u00e0 vous rendre sur ma page <a href=\"http:\/\/www.youtube.com\/user\/pixelnubium\">youtube<\/a> o\u00f9 toute une s\u00e9ri\u00e9 de playlists r\u00e9pondront \u00e0 votre curiosit\u00e9.<\/li>\n<\/ul>\n<hr>\n<\/h6>\n<h3 style=\"text-align: center;\"><em>Bienvenue dans mon NUAGE&nbsp;de pixels<br \/>\n&amp;<br \/>\nbonne visite !!!<\/em><\/h3>\n<hr>\n","protected":false},"excerpt":{"rendered":"<p>Le vernissage n&rsquo;est-il pas l&rsquo;occasion par excellence pour vous accueillir sur un nouveau&nbsp;site de photographie ? Ils se baladaient au milieu d\u2019une for\u00eat de photos Elle, rev\u00eatue d\u2019une lumi\u00e8re automnale Lui, si proche d\u2019elle, et pourtant si \u00e9loign\u00e9 de ses r\u00eaves Et entre eux, l\u2019irrationnel diaphragme Qui n\u2019attendait qu\u2019un seul d\u00e9clic En guise de bienvenue, [&hellip;]<\/p>\n","protected":false},"author":1,"featured_media":1062,"parent":0,"menu_order":0,"comment_status":"closed","ping_status":"closed","template":"","meta":{"jetpack_post_was_ever_published":false,"footnotes":""},"class_list":["post-279","page","type-page","status-publish","has-post-thumbnail","hentry","post","has-featured-image"],"jetpack_sharing_enabled":true,"jetpack_shortlink":"https:\/\/wp.me\/P5m6W4-4v","_links":{"self":[{"href":"https:\/\/www.pixelnubium.be\/index.php?rest_route=\/wp\/v2\/pages\/279","targetHints":{"allow":["GET"]}}],"collection":[{"href":"https:\/\/www.pixelnubium.be\/index.php?rest_route=\/wp\/v2\/pages"}],"about":[{"href":"https:\/\/www.pixelnubium.be\/index.php?rest_route=\/wp\/v2\/types\/page"}],"author":[{"embeddable":true,"href":"https:\/\/www.pixelnubium.be\/index.php?rest_route=\/wp\/v2\/users\/1"}],"replies":[{"embeddable":true,"href":"https:\/\/www.pixelnubium.be\/index.php?rest_route=%2Fwp%2Fv2%2Fcomments&post=279"}],"version-history":[{"count":80,"href":"https:\/\/www.pixelnubium.be\/index.php?rest_route=\/wp\/v2\/pages\/279\/revisions"}],"predecessor-version":[{"id":2302,"href":"https:\/\/www.pixelnubium.be\/index.php?rest_route=\/wp\/v2\/pages\/279\/revisions\/2302"}],"wp:featuredmedia":[{"embeddable":true,"href":"https:\/\/www.pixelnubium.be\/index.php?rest_route=\/wp\/v2\/media\/1062"}],"wp:attachment":[{"href":"https:\/\/www.pixelnubium.be\/index.php?rest_route=%2Fwp%2Fv2%2Fmedia&parent=279"}],"curies":[{"name":"wp","href":"https:\/\/api.w.org\/{rel}","templated":true}]}}