{"id":546,"date":"2014-11-10T22:29:56","date_gmt":"2014-11-10T21:29:56","guid":{"rendered":"http:\/\/www.pixelnubium.be\/?page_id=546"},"modified":"2021-12-11T18:04:47","modified_gmt":"2021-12-11T17:04:47","slug":"macro","status":"publish","type":"page","link":"https:\/\/www.pixelnubium.be\/?page_id=546","title":{"rendered":"ENVIE D&rsquo;AILLEURS"},"content":{"rendered":"\n<figure class=\"wp-block-embed is-type-video is-provider-youtube wp-block-embed-youtube wp-embed-aspect-4-3 wp-has-aspect-ratio\"><div class=\"wp-block-embed__wrapper\">\n<span class=\"embed-youtube\" style=\"text-align:center; display: block;\"><iframe loading=\"lazy\" class=\"youtube-player\" width=\"700\" height=\"394\" src=\"https:\/\/www.youtube.com\/embed\/0ec4-3h0e7I?version=3&#038;rel=1&#038;showsearch=0&#038;showinfo=1&#038;iv_load_policy=1&#038;fs=1&#038;hl=fr-FR&#038;autohide=2&#038;wmode=transparent\" allowfullscreen=\"true\" style=\"border:0;\" sandbox=\"allow-scripts allow-same-origin allow-popups allow-presentation allow-popups-to-escape-sandbox\"><\/iframe><\/span>\n<\/div><\/figure>\n\n\n\n<h6><p>On a tous envie d&rsquo;ailleurs.<\/p>\n\n\n\n<p><\/p>\n\n\n\n<p>Partir, c&rsquo;est se lib\u00e9rer des habitudes et des vicissitudes quotidiennes.<\/p>\n\n\n\n<p>Partir s&rsquo;est s&rsquo;\u00e9vader.<\/p>\n\n\n\n<p>Partir c&rsquo;est s&rsquo;inspirer d&rsquo;autres coutumes, d&rsquo;autres paysages, d&rsquo;autres personnes<\/p>\n\n\n\n<p><\/p>\n\n\n\n<p>Pr\u00eats pour me suivre au bout du monde ou au bout de mon quartier ?<\/p><\/h6>\n","protected":false},"excerpt":{"rendered":"<p>On a tous envie d&rsquo;ailleurs. Partir, c&rsquo;est se lib\u00e9rer des habitudes et des vicissitudes quotidiennes. Partir s&rsquo;est s&rsquo;\u00e9vader. Partir c&rsquo;est s&rsquo;inspirer d&rsquo;autres coutumes, d&rsquo;autres paysages, d&rsquo;autres personnes Pr\u00eats pour me suivre au bout du monde ou au bout de mon quartier ?<\/p>\n","protected":false},"author":1,"featured_media":0,"parent":0,"menu_order":0,"comment_status":"closed","ping_status":"closed","template":"","meta":{"jetpack_post_was_ever_published":false,"footnotes":""},"class_list":["post-546","page","type-page","status-publish","hentry","post","no-featured-image"],"jetpack_sharing_enabled":true,"jetpack_shortlink":"https:\/\/wp.me\/P5m6W4-8O","_links":{"self":[{"href":"https:\/\/www.pixelnubium.be\/index.php?rest_route=\/wp\/v2\/pages\/546","targetHints":{"allow":["GET"]}}],"collection":[{"href":"https:\/\/www.pixelnubium.be\/index.php?rest_route=\/wp\/v2\/pages"}],"about":[{"href":"https:\/\/www.pixelnubium.be\/index.php?rest_route=\/wp\/v2\/types\/page"}],"author":[{"embeddable":true,"href":"https:\/\/www.pixelnubium.be\/index.php?rest_route=\/wp\/v2\/users\/1"}],"replies":[{"embeddable":true,"href":"https:\/\/www.pixelnubium.be\/index.php?rest_route=%2Fwp%2Fv2%2Fcomments&post=546"}],"version-history":[{"count":6,"href":"https:\/\/www.pixelnubium.be\/index.php?rest_route=\/wp\/v2\/pages\/546\/revisions"}],"predecessor-version":[{"id":2340,"href":"https:\/\/www.pixelnubium.be\/index.php?rest_route=\/wp\/v2\/pages\/546\/revisions\/2340"}],"wp:attachment":[{"href":"https:\/\/www.pixelnubium.be\/index.php?rest_route=%2Fwp%2Fv2%2Fmedia&parent=546"}],"curies":[{"name":"wp","href":"https:\/\/api.w.org\/{rel}","templated":true}]}}