{"id":548,"date":"2014-11-10T22:30:11","date_gmt":"2014-11-10T21:30:11","guid":{"rendered":"http:\/\/www.pixelnubium.be\/?page_id=548"},"modified":"2021-12-11T17:41:14","modified_gmt":"2021-12-11T16:41:14","slug":"portraits-2","status":"publish","type":"page","link":"https:\/\/www.pixelnubium.be\/?page_id=548","title":{"rendered":"ENVIE DE RENCONTRES"},"content":{"rendered":"\n<h6><p>Tout le monde photographie, surtout depuis que les t\u00e9l\u00e9phones nous permettent \u00e0 tout moment de prendre des photos de mani\u00e8re tr\u00e8s facile.<\/p>\n\n\n\n<p>Nous photographions des paysages, des villes, des souvenirs de vacances.<\/p>\n\n\n\n<p>Mais nous photographions surtout notre famille, nos amis pour en garder de bons souvenirs.<\/p>\n\n\n\n<p>Un des succ\u00e8s de la photographie est ce besoin de photographier l&rsquo;autre, ce besoin de rencontres avec les personnes<\/p>\n\n\n\n<p>L&rsquo;appareil est en quelque sorte le <strong><em>pr\u00e9texte<\/em><\/strong> \u00e0 susciter de belles rencontres.<\/p>\n\n\n\n<p>C&rsquo;est donc tout naturellement que, moi aussi, j&rsquo;ai ce besoin et cette envie de <strong><em>sublimer<\/em><\/strong> la beaut\u00e9 int\u00e9rieure des gens.<\/p><\/h6>\n","protected":false},"excerpt":{"rendered":"<p>Tout le monde photographie, surtout depuis que les t\u00e9l\u00e9phones nous permettent \u00e0 tout moment de prendre des photos de mani\u00e8re tr\u00e8s facile. Nous photographions des paysages, des villes, des souvenirs de vacances. Mais nous photographions surtout notre famille, nos amis pour en garder de bons souvenirs. Un des succ\u00e8s de la photographie est ce besoin [&hellip;]<\/p>\n","protected":false},"author":1,"featured_media":0,"parent":0,"menu_order":0,"comment_status":"closed","ping_status":"closed","template":"","meta":{"jetpack_post_was_ever_published":false,"footnotes":""},"class_list":["post-548","page","type-page","status-publish","hentry","post","no-featured-image"],"jetpack_sharing_enabled":true,"jetpack_shortlink":"https:\/\/wp.me\/P5m6W4-8Q","_links":{"self":[{"href":"https:\/\/www.pixelnubium.be\/index.php?rest_route=\/wp\/v2\/pages\/548","targetHints":{"allow":["GET"]}}],"collection":[{"href":"https:\/\/www.pixelnubium.be\/index.php?rest_route=\/wp\/v2\/pages"}],"about":[{"href":"https:\/\/www.pixelnubium.be\/index.php?rest_route=\/wp\/v2\/types\/page"}],"author":[{"embeddable":true,"href":"https:\/\/www.pixelnubium.be\/index.php?rest_route=\/wp\/v2\/users\/1"}],"replies":[{"embeddable":true,"href":"https:\/\/www.pixelnubium.be\/index.php?rest_route=%2Fwp%2Fv2%2Fcomments&post=548"}],"version-history":[{"count":13,"href":"https:\/\/www.pixelnubium.be\/index.php?rest_route=\/wp\/v2\/pages\/548\/revisions"}],"predecessor-version":[{"id":2330,"href":"https:\/\/www.pixelnubium.be\/index.php?rest_route=\/wp\/v2\/pages\/548\/revisions\/2330"}],"wp:attachment":[{"href":"https:\/\/www.pixelnubium.be\/index.php?rest_route=%2Fwp%2Fv2%2Fmedia&parent=548"}],"curies":[{"name":"wp","href":"https:\/\/api.w.org\/{rel}","templated":true}]}}