{"id":627,"date":"2014-11-12T16:21:18","date_gmt":"2014-11-12T15:21:18","guid":{"rendered":"http:\/\/www.pixelnubium.be\/?page_id=627"},"modified":"2014-11-21T16:54:15","modified_gmt":"2014-11-21T15:54:15","slug":"genese-de-lesthetique","status":"publish","type":"page","link":"https:\/\/www.pixelnubium.be\/?page_id=627","title":{"rendered":"Gen\u00e8se de \u00ab\u00a0PixelNubium\u00a0\u00bb"},"content":{"rendered":"<h5 style=\"text-align: center;\">La photo est une oeuvre de Daniel ARSHAM : \u00ab\u00a0Pixel Clouds\u00a0\u00bb<\/h5>\n<hr \/>\n<blockquote><p>Premier post, premiers \u00e9mois. Enfin, un r\u00eave concr\u00e9tis\u00e9 !<\/p>\n<p>Celui de cr\u00e9er de toute pi\u00e8ce un espace virtuel pour vous faire partager mon go\u00fbt pour la photographie.<\/p>\n<p>Je garde enfui ce projet depuis longtemps et puis , motiv\u00e9 par les cours de photo, j&rsquo;ai pens\u00e9 que c&rsquo;\u00e9tait le bon moment pour me lancer dans cette aventure.<\/p>\n<hr \/>\n<p>Dans un premier temps, je devais trouver le\u00a0titre du site sans tomber dans les termes classiques li\u00e9s \u00e0 la photographie. Je voulais un titre dans lequel se d\u00e9gage un peu de po\u00e9sie tout en faisant un clin d&rsquo;oeil au monde de la photographie. Apr\u00e8s plusieurs jours de gestation, je trouvais \u00a0que le titre de \u00ab\u00a0PixelNubium\u00a0\u00bb me convenait bien .<\/p>\n<p>Il fallait ensuite croiser les doigts pour que ce nom ne soit d\u00e9j\u00e0 pas utilis\u00e9 sur internet. Ouf ! m\u00eame le nom de domaine \u00e9tait encore libre.<\/p>\n<p>J&rsquo;ai eu beaucoup de chance car j&rsquo;ai pu conserver ce titre sur tous les r\u00e9seaux sociaux et garantir ainsi une unit\u00e9.<\/p>\n<p>J&rsquo;ai ensuite cherch\u00e9 la meilleure structure du site. La mission la plus difficile pour moi \u00e9tant de ne pas m&rsquo;\u00e9parpiller dans tous les domaines de la photographie mais bien de donner une personnalit\u00e9 et une visibilit\u00e9 sur le contenue du mini site.<\/p>\n<p>Enfin, il a fallu travailler la forme et trouver un layout\u00a0qui me\u00a0corresponde. J&rsquo;ai tenu \u00e0 ce que le design du site soit le plus simple possible.<\/p>\n<p>Je suis donc fier de vous accueillir sur la premi\u00e8re phase du site o\u00f9 la structure est mise en place.<\/p>\n<p>Reste \u00e0 \u00ab\u00a0nourrir\u00a0\u00bb le site par du contenu pertinent et int\u00e9ressant.<\/p>\n<p>Bonne visite.<\/p>\n<p>&nbsp;<\/p><\/blockquote>\n","protected":false},"excerpt":{"rendered":"<p>La photo est une oeuvre de Daniel ARSHAM : \u00ab\u00a0Pixel Clouds\u00a0\u00bb Premier post, premiers \u00e9mois. Enfin, un r\u00eave concr\u00e9tis\u00e9 ! Celui de cr\u00e9er de toute pi\u00e8ce un espace virtuel pour vous faire partager mon go\u00fbt pour la photographie. Je garde enfui ce projet depuis longtemps et puis , motiv\u00e9 par les cours de photo, j&rsquo;ai [&hellip;]<\/p>\n","protected":false},"author":1,"featured_media":983,"parent":0,"menu_order":0,"comment_status":"closed","ping_status":"closed","template":"","meta":{"jetpack_post_was_ever_published":false,"footnotes":""},"class_list":["post-627","page","type-page","status-publish","has-post-thumbnail","hentry","post","has-featured-image"],"jetpack_sharing_enabled":true,"jetpack_shortlink":"https:\/\/wp.me\/P5m6W4-a7","_links":{"self":[{"href":"https:\/\/www.pixelnubium.be\/index.php?rest_route=\/wp\/v2\/pages\/627","targetHints":{"allow":["GET"]}}],"collection":[{"href":"https:\/\/www.pixelnubium.be\/index.php?rest_route=\/wp\/v2\/pages"}],"about":[{"href":"https:\/\/www.pixelnubium.be\/index.php?rest_route=\/wp\/v2\/types\/page"}],"author":[{"embeddable":true,"href":"https:\/\/www.pixelnubium.be\/index.php?rest_route=\/wp\/v2\/users\/1"}],"replies":[{"embeddable":true,"href":"https:\/\/www.pixelnubium.be\/index.php?rest_route=%2Fwp%2Fv2%2Fcomments&post=627"}],"version-history":[{"count":10,"href":"https:\/\/www.pixelnubium.be\/index.php?rest_route=\/wp\/v2\/pages\/627\/revisions"}],"predecessor-version":[{"id":985,"href":"https:\/\/www.pixelnubium.be\/index.php?rest_route=\/wp\/v2\/pages\/627\/revisions\/985"}],"wp:featuredmedia":[{"embeddable":true,"href":"https:\/\/www.pixelnubium.be\/index.php?rest_route=\/wp\/v2\/media\/983"}],"wp:attachment":[{"href":"https:\/\/www.pixelnubium.be\/index.php?rest_route=%2Fwp%2Fv2%2Fmedia&parent=627"}],"curies":[{"name":"wp","href":"https:\/\/api.w.org\/{rel}","templated":true}]}}