{"id":71,"date":"2014-10-25T17:04:44","date_gmt":"2014-10-25T16:04:44","guid":{"rendered":"http:\/\/www.pixelnubium.be\/?page_id=71"},"modified":"2021-12-10T16:51:19","modified_gmt":"2021-12-10T15:51:19","slug":"10-astuces-pour-mieux-photographier-avec-liphone","status":"publish","type":"page","link":"https:\/\/www.pixelnubium.be\/?page_id=71","title":{"rendered":"Trucs et astuces pour mieux photographier avec l&rsquo;iPhone"},"content":{"rendered":"<h6>Comment apprivoiser l&rsquo;iphone ?<br \/>\nComme tout appareil, il faut en connaitre toutes les subtilit\u00e9s et toutes les fonctions insoup\u00e7onn\u00e9es.<\/p>\n<p>Pr\u00e9parez-vous un bon caf\u00e9, quelques biscuits et prenez le temps de lire les <a href=\"http:\/\/iphonephotographyschool.com\/category\/tutorials\/\" target=\"_blank\" rel=\"noopener\">tutos<\/a> du site \u00ab\u00a0Iphone Photography School\u00a0\u00bb.<\/p>\n<p>Tout y est r\u00e9pertori\u00e9 !<\/p>\n<p>Apr\u00e8s cette lecture instructive, vous n&rsquo;aurez qu&rsquo;une envie, celle de laisser votre r\u00e9flex et de partir avec votre iPhone pour exp\u00e9rimenter tous les trucs et astuces !!<\/h6>\n","protected":false},"excerpt":{"rendered":"<p>Comment apprivoiser l&rsquo;iphone ? Comme tout appareil, il faut en connaitre toutes les subtilit\u00e9s et toutes les fonctions insoup\u00e7onn\u00e9es. Pr\u00e9parez-vous un bon caf\u00e9, quelques biscuits et prenez le temps de lire les tutos du site \u00ab\u00a0Iphone Photography School\u00a0\u00bb. Tout y est r\u00e9pertori\u00e9 ! Apr\u00e8s cette lecture instructive, vous n&rsquo;aurez qu&rsquo;une envie, celle de laisser votre [&hellip;]<\/p>\n","protected":false},"author":1,"featured_media":0,"parent":0,"menu_order":0,"comment_status":"closed","ping_status":"closed","template":"","meta":{"jetpack_post_was_ever_published":false,"footnotes":""},"class_list":["post-71","page","type-page","status-publish","hentry","post","no-featured-image"],"jetpack_sharing_enabled":true,"jetpack_shortlink":"https:\/\/wp.me\/P5m6W4-19","_links":{"self":[{"href":"https:\/\/www.pixelnubium.be\/index.php?rest_route=\/wp\/v2\/pages\/71","targetHints":{"allow":["GET"]}}],"collection":[{"href":"https:\/\/www.pixelnubium.be\/index.php?rest_route=\/wp\/v2\/pages"}],"about":[{"href":"https:\/\/www.pixelnubium.be\/index.php?rest_route=\/wp\/v2\/types\/page"}],"author":[{"embeddable":true,"href":"https:\/\/www.pixelnubium.be\/index.php?rest_route=\/wp\/v2\/users\/1"}],"replies":[{"embeddable":true,"href":"https:\/\/www.pixelnubium.be\/index.php?rest_route=%2Fwp%2Fv2%2Fcomments&post=71"}],"version-history":[{"count":5,"href":"https:\/\/www.pixelnubium.be\/index.php?rest_route=\/wp\/v2\/pages\/71\/revisions"}],"predecessor-version":[{"id":2062,"href":"https:\/\/www.pixelnubium.be\/index.php?rest_route=\/wp\/v2\/pages\/71\/revisions\/2062"}],"wp:attachment":[{"href":"https:\/\/www.pixelnubium.be\/index.php?rest_route=%2Fwp%2Fv2%2Fmedia&parent=71"}],"curies":[{"name":"wp","href":"https:\/\/api.w.org\/{rel}","templated":true}]}}