{"id":995,"date":"2014-11-21T17:14:14","date_gmt":"2014-11-21T16:14:14","guid":{"rendered":"http:\/\/www.pixelnubium.be\/?page_id=995"},"modified":"2021-12-10T16:45:28","modified_gmt":"2021-12-10T15:45:28","slug":"boites-a-lumiere","status":"publish","type":"page","link":"https:\/\/www.pixelnubium.be\/?page_id=995","title":{"rendered":"MES BOITES A LUMIERE"},"content":{"rendered":"<h6><strong>Vous trouverez ci-dessous la liste de mes \u00ab\u00a0bo\u00eetes \u00e0 lumi\u00e8re\u00a0\u00bb et le mat\u00e9riel que j&rsquo;utilise r\u00e9guli\u00e8rement :<\/strong><\/p>\n<ul>\n<li>Un appareil Fujifilm X100S, compact, pratique et discret<\/li>\n<li>Un appareil Fujifilm XT-4, compact,complet, je l&rsquo;adore &#8230;<\/li>\n<li>Un obectif 35mm<\/li>\n<li>Un obectif 56mm<\/li>\n<li>Un obectif 18-55mm<\/li>\n<li>Un obectif 55-200mm<\/li>\n<li>Un appareil moyen format Kiev<\/li>\n<li>&#8230;Et bien entendu mon iPhone X<\/li>\n<\/ul>\n<p><strong>Dans mon sac photo vous trouverez \u00e9galement :<\/strong><\/p>\n<ul>\n<li>Un lightmeter<\/li>\n<li>Les cartes m\u00e9moires<\/li>\n<li>Les chargeurs de batterie<\/li>\n<li>Les batteries de rechange<\/li>\n<li>Une bandouli\u00e8re JOBY<\/li>\n<li>Un pied imitation Joby<\/li>\n<li>Un bic nettoyeur d&rsquo;objectifs<\/li>\n<li>Un bic, un carnet<\/li>\n<li>Un ipad avec l&rsquo;adaptateur lecteur de cartes SD<\/li>\n<\/ul>\n<p><strong>En projet, seraient les bienvenus :<\/strong><\/p>\n<ul>\n<li>Des filtres ND<\/li>\n<li>Un c\u00e2ble d\u00e9clencheur<\/li>\n<\/ul>\n<\/h6>\n","protected":false},"excerpt":{"rendered":"<p>Vous trouverez ci-dessous la liste de mes \u00ab\u00a0bo\u00eetes \u00e0 lumi\u00e8re\u00a0\u00bb et le mat\u00e9riel que j&rsquo;utilise r\u00e9guli\u00e8rement : Un appareil Fujifilm X100S, compact, pratique et discret Un appareil Fujifilm XT-4, compact,complet, je l&rsquo;adore &#8230; Un obectif 35mm Un obectif 56mm Un obectif 18-55mm Un obectif 55-200mm Un appareil moyen format Kiev &#8230;Et bien entendu mon iPhone [&hellip;]<\/p>\n","protected":false},"author":1,"featured_media":987,"parent":0,"menu_order":0,"comment_status":"closed","ping_status":"closed","template":"","meta":{"jetpack_post_was_ever_published":false,"footnotes":""},"class_list":["post-995","page","type-page","status-publish","has-post-thumbnail","hentry","post","has-featured-image"],"jetpack_sharing_enabled":true,"jetpack_shortlink":"https:\/\/wp.me\/P5m6W4-g3","_links":{"self":[{"href":"https:\/\/www.pixelnubium.be\/index.php?rest_route=\/wp\/v2\/pages\/995","targetHints":{"allow":["GET"]}}],"collection":[{"href":"https:\/\/www.pixelnubium.be\/index.php?rest_route=\/wp\/v2\/pages"}],"about":[{"href":"https:\/\/www.pixelnubium.be\/index.php?rest_route=\/wp\/v2\/types\/page"}],"author":[{"embeddable":true,"href":"https:\/\/www.pixelnubium.be\/index.php?rest_route=\/wp\/v2\/users\/1"}],"replies":[{"embeddable":true,"href":"https:\/\/www.pixelnubium.be\/index.php?rest_route=%2Fwp%2Fv2%2Fcomments&post=995"}],"version-history":[{"count":9,"href":"https:\/\/www.pixelnubium.be\/index.php?rest_route=\/wp\/v2\/pages\/995\/revisions"}],"predecessor-version":[{"id":2057,"href":"https:\/\/www.pixelnubium.be\/index.php?rest_route=\/wp\/v2\/pages\/995\/revisions\/2057"}],"wp:featuredmedia":[{"embeddable":true,"href":"https:\/\/www.pixelnubium.be\/index.php?rest_route=\/wp\/v2\/media\/987"}],"wp:attachment":[{"href":"https:\/\/www.pixelnubium.be\/index.php?rest_route=%2Fwp%2Fv2%2Fmedia&parent=995"}],"curies":[{"name":"wp","href":"https:\/\/api.w.org\/{rel}","templated":true}]}}